{"id":906,"date":"2025-04-15T17:48:29","date_gmt":"2025-04-15T15:48:29","guid":{"rendered":"https:\/\/clients.linuit.com\/isofroid\/housse-pour-obese-avec-fermeture-en-u-et-6-poignees-oxo-biodegradable\/"},"modified":"2026-03-02T10:27:17","modified_gmt":"2026-03-02T09:27:17","slug":"cover-for-obese-with-u-shaped-closure-and-6-oxo-biodegradable-handles","status":"publish","type":"product","link":"https:\/\/www.eihf-isofroid.eu\/en\/housse-pour-obese-avec-fermeture-en-u-et-6-poignees-oxo-biodegradable\/","title":{"rendered":"Cover for Obese with U-shaped Closure and 6 Oxo-biodegradable handles"},"content":{"rendered":"","protected":false},"menu_order":0,"template":"","product_cat":[55,54],"class_list":["post-906","product","type-product","status-publish","hentry","product_cat-grandes-tailles","product_cat-housses"],"acf":[],"yoast_head":"<!-- This site is optimized with the Yoast SEO plugin v27.3 - https:\/\/yoast.com\/product\/yoast-seo-wordpress\/ -->\n<title>Housse pour Ob\u00e8se avec fermeture en U et 6 poign\u00e9es Oxo-biod\u00e9gradable - EIHF Isofroid<\/title>\n<meta name=\"description\" content=\"Housse pour obese avec fermeture en u et 6 poignees oxo biodegradable EIHF Isofroid : solution professionnelle pour le secteur mortuaire. Hygi\u00e8ne, robustesse et conformit\u00e9 CE.\" \/>\n<meta name=\"robots\" content=\"index, follow, max-snippet:-1, max-image-preview:large, max-video-preview:-1\" \/>\n<link rel=\"canonical\" href=\"https:\/\/www.eihf-isofroid.eu\/en\/cover-for-obese-with-u-shaped-closure-and-6-oxo-biodegradable-handles\/\" \/>\n<meta property=\"og:locale\" content=\"en_GB\" \/>\n<meta property=\"og:type\" content=\"article\" \/>\n<meta property=\"og:title\" content=\"Housse pour Ob\u00e8se avec fermeture en U et 6 poign\u00e9es Oxo-biod\u00e9gradable - EIHF Isofroid\" \/>\n<meta property=\"og:description\" content=\"Housse pour obese avec fermeture en u et 6 poignees oxo biodegradable EIHF Isofroid : solution professionnelle pour le secteur mortuaire. Hygi\u00e8ne, robustesse et conformit\u00e9 CE.\" \/>\n<meta property=\"og:url\" content=\"https:\/\/www.eihf-isofroid.eu\/en\/cover-for-obese-with-u-shaped-closure-and-6-oxo-biodegradable-handles\/\" \/>\n<meta property=\"og:site_name\" content=\"EIHF Isofroid\" \/>\n<meta property=\"article:publisher\" content=\"https:\/\/www.facebook.com\/eihf.isofroid\/\" \/>\n<meta property=\"article:modified_time\" content=\"2026-03-02T09:27:17+00:00\" \/>\n<meta name=\"twitter:card\" content=\"summary_large_image\" \/>\n<meta name=\"twitter:label1\" content=\"Estimated reading time\" \/>\n\t<meta name=\"twitter:data1\" content=\"2 minutes\" \/>\n<script type=\"application\/ld+json\" class=\"yoast-schema-graph\">{\"@context\":\"https:\\\/\\\/schema.org\",\"@graph\":[{\"@type\":\"WebPage\",\"@id\":\"https:\\\/\\\/www.eihf-isofroid.eu\\\/housse-pour-obese-avec-fermeture-en-u-et-6-poignees-oxo-biodegradable\\\/\",\"url\":\"https:\\\/\\\/www.eihf-isofroid.eu\\\/housse-pour-obese-avec-fermeture-en-u-et-6-poignees-oxo-biodegradable\\\/\",\"name\":\"Housse pour Ob\u00e8se avec fermeture en U et 6 poign\u00e9es Oxo-biod\u00e9gradable - EIHF Isofroid\",\"isPartOf\":{\"@id\":\"https:\\\/\\\/www.eihf-isofroid.eu\\\/#website\"},\"datePublished\":\"2025-04-15T15:48:29+00:00\",\"dateModified\":\"2026-03-02T09:27:17+00:00\",\"description\":\"Housse pour obese avec fermeture en u et 6 poignees oxo biodegradable EIHF Isofroid : solution professionnelle pour le secteur mortuaire. Hygi\u00e8ne, robustesse et conformit\u00e9 CE.\",\"breadcrumb\":{\"@id\":\"https:\\\/\\\/www.eihf-isofroid.eu\\\/housse-pour-obese-avec-fermeture-en-u-et-6-poignees-oxo-biodegradable\\\/#breadcrumb\"},\"inLanguage\":\"en-GB\",\"potentialAction\":[{\"@type\":\"ReadAction\",\"target\":[\"https:\\\/\\\/www.eihf-isofroid.eu\\\/housse-pour-obese-avec-fermeture-en-u-et-6-poignees-oxo-biodegradable\\\/\"]}]},{\"@type\":\"BreadcrumbList\",\"@id\":\"https:\\\/\\\/www.eihf-isofroid.eu\\\/housse-pour-obese-avec-fermeture-en-u-et-6-poignees-oxo-biodegradable\\\/#breadcrumb\",\"itemListElement\":[{\"@type\":\"ListItem\",\"position\":1,\"name\":\"Accueil\",\"item\":\"https:\\\/\\\/www.eihf-isofroid.eu\\\/\"},{\"@type\":\"ListItem\",\"position\":2,\"name\":\"Produits\",\"item\":\"https:\\\/\\\/www.eihf-isofroid.eu\\\/catalogue\\\/\"},{\"@type\":\"ListItem\",\"position\":3,\"name\":\"Housse pour Ob\u00e8se avec fermeture en U et 6 poign\u00e9es Oxo-biod\u00e9gradable\"}]},{\"@type\":\"WebSite\",\"@id\":\"https:\\\/\\\/www.eihf-isofroid.eu\\\/#website\",\"url\":\"https:\\\/\\\/www.eihf-isofroid.eu\\\/\",\"name\":\"EIHF Isofroid\",\"description\":\"\",\"potentialAction\":[{\"@type\":\"SearchAction\",\"target\":{\"@type\":\"EntryPoint\",\"urlTemplate\":\"https:\\\/\\\/www.eihf-isofroid.eu\\\/?s={search_term_string}\"},\"query-input\":{\"@type\":\"PropertyValueSpecification\",\"valueRequired\":true,\"valueName\":\"search_term_string\"}}],\"inLanguage\":\"en-GB\"}]}<\/script>\n<!-- \/ Yoast SEO plugin. -->","yoast_head_json":{"title":"Cover for Obese with U-shaped Closure and 6 Oxo-biodegradable handles - EIHF Isofroid","description":"Obese body bag with u-shaped Closure and 6 biodegradable oxo handles EIHF Isofroid: professional solution for the mortuary sector. Hygiene, sturdiness and CE conformity.","robots":{"index":"index","follow":"follow","max-snippet":"max-snippet:-1","max-image-preview":"max-image-preview:large","max-video-preview":"max-video-preview:-1"},"canonical":"https:\/\/www.eihf-isofroid.eu\/en\/cover-for-obese-with-u-shaped-closure-and-6-oxo-biodegradable-handles\/","og_locale":"en_GB","og_type":"article","og_title":"Housse pour Ob\u00e8se avec fermeture en U et 6 poign\u00e9es Oxo-biod\u00e9gradable - EIHF Isofroid","og_description":"Housse pour obese avec fermeture en u et 6 poignees oxo biodegradable EIHF Isofroid : solution professionnelle pour le secteur mortuaire. Hygi\u00e8ne, robustesse et conformit\u00e9 CE.","og_url":"https:\/\/www.eihf-isofroid.eu\/en\/cover-for-obese-with-u-shaped-closure-and-6-oxo-biodegradable-handles\/","og_site_name":"EIHF Isofroid","article_publisher":"https:\/\/www.facebook.com\/eihf.isofroid\/","article_modified_time":"2026-03-02T09:27:17+00:00","twitter_card":"summary_large_image","twitter_misc":{"Estimated reading time":"2 minutes"},"schema":{"@context":"https:\/\/schema.org","@graph":[{"@type":"WebPage","@id":"https:\/\/www.eihf-isofroid.eu\/housse-pour-obese-avec-fermeture-en-u-et-6-poignees-oxo-biodegradable\/","url":"https:\/\/www.eihf-isofroid.eu\/housse-pour-obese-avec-fermeture-en-u-et-6-poignees-oxo-biodegradable\/","name":"Cover for Obese with U-shaped Closure and 6 Oxo-biodegradable handles - EIHF Isofroid","isPartOf":{"@id":"https:\/\/www.eihf-isofroid.eu\/#website"},"datePublished":"2025-04-15T15:48:29+00:00","dateModified":"2026-03-02T09:27:17+00:00","description":"Obese body bag with u-shaped Closure and 6 biodegradable oxo handles EIHF Isofroid: professional solution for the mortuary sector. Hygiene, sturdiness and CE conformity.","breadcrumb":{"@id":"https:\/\/www.eihf-isofroid.eu\/housse-pour-obese-avec-fermeture-en-u-et-6-poignees-oxo-biodegradable\/#breadcrumb"},"inLanguage":"en-GB","potentialAction":[{"@type":"ReadAction","target":["https:\/\/www.eihf-isofroid.eu\/housse-pour-obese-avec-fermeture-en-u-et-6-poignees-oxo-biodegradable\/"]}]},{"@type":"BreadcrumbList","@id":"https:\/\/www.eihf-isofroid.eu\/housse-pour-obese-avec-fermeture-en-u-et-6-poignees-oxo-biodegradable\/#breadcrumb","itemListElement":[{"@type":"ListItem","position":1,"name":"Accueil","item":"https:\/\/www.eihf-isofroid.eu\/"},{"@type":"ListItem","position":2,"name":"Produits","item":"https:\/\/www.eihf-isofroid.eu\/catalogue\/"},{"@type":"ListItem","position":3,"name":"Housse pour Ob\u00e8se avec fermeture en U et 6 poign\u00e9es Oxo-biod\u00e9gradable"}]},{"@type":"WebSite","@id":"https:\/\/www.eihf-isofroid.eu\/#website","url":"https:\/\/www.eihf-isofroid.eu\/","name":"EIHF Isofroid","description":"","potentialAction":[{"@type":"SearchAction","target":{"@type":"EntryPoint","urlTemplate":"https:\/\/www.eihf-isofroid.eu\/?s={search_term_string}"},"query-input":{"@type":"PropertyValueSpecification","valueRequired":true,"valueName":"search_term_string"}}],"inLanguage":"en-GB"}]}},"_links":{"self":[{"href":"https:\/\/www.eihf-isofroid.eu\/en\/wp-json\/wp\/v2\/product\/906","targetHints":{"allow":["GET"]}}],"collection":[{"href":"https:\/\/www.eihf-isofroid.eu\/en\/wp-json\/wp\/v2\/product"}],"about":[{"href":"https:\/\/www.eihf-isofroid.eu\/en\/wp-json\/wp\/v2\/types\/product"}],"version-history":[{"count":3,"href":"https:\/\/www.eihf-isofroid.eu\/en\/wp-json\/wp\/v2\/product\/906\/revisions"}],"predecessor-version":[{"id":5767,"href":"https:\/\/www.eihf-isofroid.eu\/en\/wp-json\/wp\/v2\/product\/906\/revisions\/5767"}],"wp:attachment":[{"href":"https:\/\/www.eihf-isofroid.eu\/en\/wp-json\/wp\/v2\/media?parent=906"}],"wp:term":[{"taxonomy":"product_cat","embeddable":true,"href":"https:\/\/www.eihf-isofroid.eu\/en\/wp-json\/wp\/v2\/product_cat?post=906"}],"curies":[{"name":"wp","href":"https:\/\/api.w.org\/{rel}","templated":true}]}}