{"id":1643,"date":"2025-04-15T18:09:19","date_gmt":"2025-04-15T16:09:19","guid":{"rendered":"https:\/\/clients.linuit.com\/isofroid\/desinfectant-desodorisant-en-aerosol-150ml\/"},"modified":"2026-03-02T10:27:21","modified_gmt":"2026-03-02T09:27:21","slug":"desinfectant-deodorant-aerosol-150ml","status":"publish","type":"product","link":"https:\/\/www.eihf-isofroid.eu\/en\/desinfectant-desodorisant-en-aerosol-150ml\/","title":{"rendered":"Disinfection deodorant aerosol 150ml"},"content":{"rendered":"","protected":false},"menu_order":0,"template":"","product_cat":[51],"class_list":["post-1643","product","type-product","status-publish","hentry","product_cat-desinfectants"],"acf":[],"yoast_head":"<!-- This site is optimized with the Yoast SEO plugin v27.3 - https:\/\/yoast.com\/product\/yoast-seo-wordpress\/ -->\n<title>D\u00e9sinfectant d\u00e9sodorisant en a\u00e9rosol 150ml - EIHF Isofroid<\/title>\n<meta name=\"description\" content=\"Desinfectant desodorisant en aerosol 150ml EIHF Isofroid : solution professionnelle pour le secteur mortuaire. Hygi\u00e8ne, robustesse et conformit\u00e9 CE.\" \/>\n<meta name=\"robots\" content=\"index, follow, max-snippet:-1, max-image-preview:large, max-video-preview:-1\" \/>\n<link rel=\"canonical\" href=\"https:\/\/www.eihf-isofroid.eu\/en\/desinfectant-deodorant-aerosol-150ml\/\" \/>\n<meta property=\"og:locale\" content=\"en_GB\" \/>\n<meta property=\"og:type\" content=\"article\" \/>\n<meta property=\"og:title\" content=\"D\u00e9sinfectant d\u00e9sodorisant en a\u00e9rosol 150ml - EIHF Isofroid\" \/>\n<meta property=\"og:description\" content=\"Desinfectant desodorisant en aerosol 150ml EIHF Isofroid : solution professionnelle pour le secteur mortuaire. Hygi\u00e8ne, robustesse et conformit\u00e9 CE.\" \/>\n<meta property=\"og:url\" content=\"https:\/\/www.eihf-isofroid.eu\/en\/desinfectant-deodorant-aerosol-150ml\/\" \/>\n<meta property=\"og:site_name\" content=\"EIHF Isofroid\" \/>\n<meta property=\"article:publisher\" content=\"https:\/\/www.facebook.com\/eihf.isofroid\/\" \/>\n<meta property=\"article:modified_time\" content=\"2026-03-02T09:27:21+00:00\" \/>\n<meta name=\"twitter:card\" content=\"summary_large_image\" \/>\n<script type=\"application\/ld+json\" class=\"yoast-schema-graph\">{\"@context\":\"https:\\\/\\\/schema.org\",\"@graph\":[{\"@type\":\"WebPage\",\"@id\":\"https:\\\/\\\/www.eihf-isofroid.eu\\\/desinfectant-desodorisant-en-aerosol-150ml\\\/\",\"url\":\"https:\\\/\\\/www.eihf-isofroid.eu\\\/desinfectant-desodorisant-en-aerosol-150ml\\\/\",\"name\":\"D\u00e9sinfectant d\u00e9sodorisant en a\u00e9rosol 150ml - EIHF Isofroid\",\"isPartOf\":{\"@id\":\"https:\\\/\\\/www.eihf-isofroid.eu\\\/#website\"},\"datePublished\":\"2025-04-15T16:09:19+00:00\",\"dateModified\":\"2026-03-02T09:27:21+00:00\",\"description\":\"Desinfectant desodorisant en aerosol 150ml EIHF Isofroid : solution professionnelle pour le secteur mortuaire. Hygi\u00e8ne, robustesse et conformit\u00e9 CE.\",\"breadcrumb\":{\"@id\":\"https:\\\/\\\/www.eihf-isofroid.eu\\\/desinfectant-desodorisant-en-aerosol-150ml\\\/#breadcrumb\"},\"inLanguage\":\"en-GB\",\"potentialAction\":[{\"@type\":\"ReadAction\",\"target\":[\"https:\\\/\\\/www.eihf-isofroid.eu\\\/desinfectant-desodorisant-en-aerosol-150ml\\\/\"]}]},{\"@type\":\"BreadcrumbList\",\"@id\":\"https:\\\/\\\/www.eihf-isofroid.eu\\\/desinfectant-desodorisant-en-aerosol-150ml\\\/#breadcrumb\",\"itemListElement\":[{\"@type\":\"ListItem\",\"position\":1,\"name\":\"Accueil\",\"item\":\"https:\\\/\\\/www.eihf-isofroid.eu\\\/\"},{\"@type\":\"ListItem\",\"position\":2,\"name\":\"Produits\",\"item\":\"https:\\\/\\\/www.eihf-isofroid.eu\\\/catalogue\\\/\"},{\"@type\":\"ListItem\",\"position\":3,\"name\":\"D\u00e9sinfectant d\u00e9sodorisant en a\u00e9rosol 150ml\"}]},{\"@type\":\"WebSite\",\"@id\":\"https:\\\/\\\/www.eihf-isofroid.eu\\\/#website\",\"url\":\"https:\\\/\\\/www.eihf-isofroid.eu\\\/\",\"name\":\"EIHF Isofroid\",\"description\":\"\",\"potentialAction\":[{\"@type\":\"SearchAction\",\"target\":{\"@type\":\"EntryPoint\",\"urlTemplate\":\"https:\\\/\\\/www.eihf-isofroid.eu\\\/?s={search_term_string}\"},\"query-input\":{\"@type\":\"PropertyValueSpecification\",\"valueRequired\":true,\"valueName\":\"search_term_string\"}}],\"inLanguage\":\"en-GB\"}]}<\/script>\n<!-- \/ Yoast SEO plugin. -->","yoast_head_json":{"title":"Disinfection deodorant aerosol 150ml - EIHF Isofroid","description":"Desodorant disinfectant aerosol 150ml EIHF Isofroid: professional solution for the mortuary sector. Hygiene, robustness and CE conformity.","robots":{"index":"index","follow":"follow","max-snippet":"max-snippet:-1","max-image-preview":"max-image-preview:large","max-video-preview":"max-video-preview:-1"},"canonical":"https:\/\/www.eihf-isofroid.eu\/en\/desinfectant-deodorant-aerosol-150ml\/","og_locale":"en_GB","og_type":"article","og_title":"D\u00e9sinfectant d\u00e9sodorisant en a\u00e9rosol 150ml - EIHF Isofroid","og_description":"Desinfectant desodorisant en aerosol 150ml EIHF Isofroid : solution professionnelle pour le secteur mortuaire. Hygi\u00e8ne, robustesse et conformit\u00e9 CE.","og_url":"https:\/\/www.eihf-isofroid.eu\/en\/desinfectant-deodorant-aerosol-150ml\/","og_site_name":"EIHF Isofroid","article_publisher":"https:\/\/www.facebook.com\/eihf.isofroid\/","article_modified_time":"2026-03-02T09:27:21+00:00","twitter_card":"summary_large_image","schema":{"@context":"https:\/\/schema.org","@graph":[{"@type":"WebPage","@id":"https:\/\/www.eihf-isofroid.eu\/desinfectant-desodorisant-en-aerosol-150ml\/","url":"https:\/\/www.eihf-isofroid.eu\/desinfectant-desodorisant-en-aerosol-150ml\/","name":"Disinfection deodorant aerosol 150ml - EIHF Isofroid","isPartOf":{"@id":"https:\/\/www.eihf-isofroid.eu\/#website"},"datePublished":"2025-04-15T16:09:19+00:00","dateModified":"2026-03-02T09:27:21+00:00","description":"Desodorant disinfectant aerosol 150ml EIHF Isofroid: professional solution for the mortuary sector. Hygiene, robustness and CE conformity.","breadcrumb":{"@id":"https:\/\/www.eihf-isofroid.eu\/desinfectant-desodorisant-en-aerosol-150ml\/#breadcrumb"},"inLanguage":"en-GB","potentialAction":[{"@type":"ReadAction","target":["https:\/\/www.eihf-isofroid.eu\/desinfectant-desodorisant-en-aerosol-150ml\/"]}]},{"@type":"BreadcrumbList","@id":"https:\/\/www.eihf-isofroid.eu\/desinfectant-desodorisant-en-aerosol-150ml\/#breadcrumb","itemListElement":[{"@type":"ListItem","position":1,"name":"Accueil","item":"https:\/\/www.eihf-isofroid.eu\/"},{"@type":"ListItem","position":2,"name":"Produits","item":"https:\/\/www.eihf-isofroid.eu\/catalogue\/"},{"@type":"ListItem","position":3,"name":"D\u00e9sinfectant d\u00e9sodorisant en a\u00e9rosol 150ml"}]},{"@type":"WebSite","@id":"https:\/\/www.eihf-isofroid.eu\/#website","url":"https:\/\/www.eihf-isofroid.eu\/","name":"EIHF Isofroid","description":"","potentialAction":[{"@type":"SearchAction","target":{"@type":"EntryPoint","urlTemplate":"https:\/\/www.eihf-isofroid.eu\/?s={search_term_string}"},"query-input":{"@type":"PropertyValueSpecification","valueRequired":true,"valueName":"search_term_string"}}],"inLanguage":"en-GB"}]}},"_links":{"self":[{"href":"https:\/\/www.eihf-isofroid.eu\/en\/wp-json\/wp\/v2\/product\/1643","targetHints":{"allow":["GET"]}}],"collection":[{"href":"https:\/\/www.eihf-isofroid.eu\/en\/wp-json\/wp\/v2\/product"}],"about":[{"href":"https:\/\/www.eihf-isofroid.eu\/en\/wp-json\/wp\/v2\/types\/product"}],"version-history":[{"count":1,"href":"https:\/\/www.eihf-isofroid.eu\/en\/wp-json\/wp\/v2\/product\/1643\/revisions"}],"predecessor-version":[{"id":6272,"href":"https:\/\/www.eihf-isofroid.eu\/en\/wp-json\/wp\/v2\/product\/1643\/revisions\/6272"}],"wp:attachment":[{"href":"https:\/\/www.eihf-isofroid.eu\/en\/wp-json\/wp\/v2\/media?parent=1643"}],"wp:term":[{"taxonomy":"product_cat","embeddable":true,"href":"https:\/\/www.eihf-isofroid.eu\/en\/wp-json\/wp\/v2\/product_cat?post=1643"}],"curies":[{"name":"wp","href":"https:\/\/api.w.org\/{rel}","templated":true}]}}