{"id":1632,"date":"2025-04-15T18:09:14","date_gmt":"2025-04-15T16:09:14","guid":{"rendered":"https:\/\/clients.linuit.com\/isofroid\/pre-filtre-eu2-a-poussieres-pour-caisson-de-filtration-et-desinfection\/"},"modified":"2026-03-02T10:26:18","modified_gmt":"2026-03-02T09:26:18","slug":"eu2-dust-pre-filter-for-filter-box-and-disinfector","status":"publish","type":"product","link":"https:\/\/www.eihf-isofroid.eu\/en\/pre-filtre-eu2-a-poussieres-pour-caisson-de-filtration-et-desinfection\/","title":{"rendered":"EU2 dust pre-filter for filter box and Disinfection unit"},"content":{"rendered":"","protected":false},"menu_order":0,"template":"","product_cat":[61,63],"class_list":["post-1632","product","type-product","status-publish","hentry","product_cat-salle-de-preparation","product_cat-ventilation"],"acf":[],"yoast_head":"<!-- This site is optimized with the Yoast SEO plugin v27.3 - https:\/\/yoast.com\/product\/yoast-seo-wordpress\/ -->\n<title>Pr\u00e9 filtre EU2 \u00e0 poussi\u00e8res pour caisson de filtration et d\u00e9sinfection - EIHF Isofroid<\/title>\n<meta name=\"description\" content=\"Pre filtre eu2 a poussieres pour caisson de filtration et desinfection EIHF Isofroid : solution professionnelle pour le secteur mortuaire. Hygi\u00e8ne, robustesse et conformit\u00e9 CE.\" \/>\n<meta name=\"robots\" content=\"index, follow, max-snippet:-1, max-image-preview:large, max-video-preview:-1\" \/>\n<link rel=\"canonical\" href=\"https:\/\/www.eihf-isofroid.eu\/en\/eu2-dust-pre-filter-for-filter-box-and-disinfector\/\" \/>\n<meta property=\"og:locale\" content=\"en_GB\" \/>\n<meta property=\"og:type\" content=\"article\" \/>\n<meta property=\"og:title\" content=\"Pr\u00e9 filtre EU2 \u00e0 poussi\u00e8res pour caisson de filtration et d\u00e9sinfection - EIHF Isofroid\" \/>\n<meta property=\"og:description\" content=\"Pre filtre eu2 a poussieres pour caisson de filtration et desinfection EIHF Isofroid : solution professionnelle pour le secteur mortuaire. Hygi\u00e8ne, robustesse et conformit\u00e9 CE.\" \/>\n<meta property=\"og:url\" content=\"https:\/\/www.eihf-isofroid.eu\/en\/eu2-dust-pre-filter-for-filter-box-and-disinfector\/\" \/>\n<meta property=\"og:site_name\" content=\"EIHF Isofroid\" \/>\n<meta property=\"article:publisher\" content=\"https:\/\/www.facebook.com\/eihf.isofroid\/\" \/>\n<meta property=\"article:modified_time\" content=\"2026-03-02T09:26:18+00:00\" \/>\n<meta name=\"twitter:card\" content=\"summary_large_image\" \/>\n<script type=\"application\/ld+json\" class=\"yoast-schema-graph\">{\"@context\":\"https:\\\/\\\/schema.org\",\"@graph\":[{\"@type\":\"WebPage\",\"@id\":\"https:\\\/\\\/www.eihf-isofroid.eu\\\/pre-filtre-eu2-a-poussieres-pour-caisson-de-filtration-et-desinfection\\\/\",\"url\":\"https:\\\/\\\/www.eihf-isofroid.eu\\\/pre-filtre-eu2-a-poussieres-pour-caisson-de-filtration-et-desinfection\\\/\",\"name\":\"Pr\u00e9 filtre EU2 \u00e0 poussi\u00e8res pour caisson de filtration et d\u00e9sinfection - EIHF Isofroid\",\"isPartOf\":{\"@id\":\"https:\\\/\\\/www.eihf-isofroid.eu\\\/#website\"},\"datePublished\":\"2025-04-15T16:09:14+00:00\",\"dateModified\":\"2026-03-02T09:26:18+00:00\",\"description\":\"Pre filtre eu2 a poussieres pour caisson de filtration et desinfection EIHF Isofroid : solution professionnelle pour le secteur mortuaire. Hygi\u00e8ne, robustesse et conformit\u00e9 CE.\",\"breadcrumb\":{\"@id\":\"https:\\\/\\\/www.eihf-isofroid.eu\\\/pre-filtre-eu2-a-poussieres-pour-caisson-de-filtration-et-desinfection\\\/#breadcrumb\"},\"inLanguage\":\"en-GB\",\"potentialAction\":[{\"@type\":\"ReadAction\",\"target\":[\"https:\\\/\\\/www.eihf-isofroid.eu\\\/pre-filtre-eu2-a-poussieres-pour-caisson-de-filtration-et-desinfection\\\/\"]}]},{\"@type\":\"BreadcrumbList\",\"@id\":\"https:\\\/\\\/www.eihf-isofroid.eu\\\/pre-filtre-eu2-a-poussieres-pour-caisson-de-filtration-et-desinfection\\\/#breadcrumb\",\"itemListElement\":[{\"@type\":\"ListItem\",\"position\":1,\"name\":\"Accueil\",\"item\":\"https:\\\/\\\/www.eihf-isofroid.eu\\\/\"},{\"@type\":\"ListItem\",\"position\":2,\"name\":\"Produits\",\"item\":\"https:\\\/\\\/www.eihf-isofroid.eu\\\/catalogue\\\/\"},{\"@type\":\"ListItem\",\"position\":3,\"name\":\"Pr\u00e9 filtre EU2 \u00e0 poussi\u00e8res pour caisson de filtration et d\u00e9sinfection\"}]},{\"@type\":\"WebSite\",\"@id\":\"https:\\\/\\\/www.eihf-isofroid.eu\\\/#website\",\"url\":\"https:\\\/\\\/www.eihf-isofroid.eu\\\/\",\"name\":\"EIHF Isofroid\",\"description\":\"\",\"potentialAction\":[{\"@type\":\"SearchAction\",\"target\":{\"@type\":\"EntryPoint\",\"urlTemplate\":\"https:\\\/\\\/www.eihf-isofroid.eu\\\/?s={search_term_string}\"},\"query-input\":{\"@type\":\"PropertyValueSpecification\",\"valueRequired\":true,\"valueName\":\"search_term_string\"}}],\"inLanguage\":\"en-GB\"}]}<\/script>\n<!-- \/ Yoast SEO plugin. -->","yoast_head_json":{"title":"EU2 dust pre-filter for filtration and disinfection unit - EIHF Isofroid","description":"eu2 dust pre-filter for EIHF Isofroid filter box: professional solution for the mortuary sector. Hygiene, robustness and CE conformity.","robots":{"index":"index","follow":"follow","max-snippet":"max-snippet:-1","max-image-preview":"max-image-preview:large","max-video-preview":"max-video-preview:-1"},"canonical":"https:\/\/www.eihf-isofroid.eu\/en\/eu2-dust-pre-filter-for-filter-box-and-disinfector\/","og_locale":"en_GB","og_type":"article","og_title":"Pr\u00e9 filtre EU2 \u00e0 poussi\u00e8res pour caisson de filtration et d\u00e9sinfection - EIHF Isofroid","og_description":"Pre filtre eu2 a poussieres pour caisson de filtration et desinfection EIHF Isofroid : solution professionnelle pour le secteur mortuaire. Hygi\u00e8ne, robustesse et conformit\u00e9 CE.","og_url":"https:\/\/www.eihf-isofroid.eu\/en\/eu2-dust-pre-filter-for-filter-box-and-disinfector\/","og_site_name":"EIHF Isofroid","article_publisher":"https:\/\/www.facebook.com\/eihf.isofroid\/","article_modified_time":"2026-03-02T09:26:18+00:00","twitter_card":"summary_large_image","schema":{"@context":"https:\/\/schema.org","@graph":[{"@type":"WebPage","@id":"https:\/\/www.eihf-isofroid.eu\/pre-filtre-eu2-a-poussieres-pour-caisson-de-filtration-et-desinfection\/","url":"https:\/\/www.eihf-isofroid.eu\/pre-filtre-eu2-a-poussieres-pour-caisson-de-filtration-et-desinfection\/","name":"EU2 dust pre-filter for filtration and disinfection unit - EIHF Isofroid","isPartOf":{"@id":"https:\/\/www.eihf-isofroid.eu\/#website"},"datePublished":"2025-04-15T16:09:14+00:00","dateModified":"2026-03-02T09:26:18+00:00","description":"eu2 dust pre-filter for EIHF Isofroid filter box: professional solution for the mortuary sector. Hygiene, robustness and CE conformity.","breadcrumb":{"@id":"https:\/\/www.eihf-isofroid.eu\/pre-filtre-eu2-a-poussieres-pour-caisson-de-filtration-et-desinfection\/#breadcrumb"},"inLanguage":"en-GB","potentialAction":[{"@type":"ReadAction","target":["https:\/\/www.eihf-isofroid.eu\/pre-filtre-eu2-a-poussieres-pour-caisson-de-filtration-et-desinfection\/"]}]},{"@type":"BreadcrumbList","@id":"https:\/\/www.eihf-isofroid.eu\/pre-filtre-eu2-a-poussieres-pour-caisson-de-filtration-et-desinfection\/#breadcrumb","itemListElement":[{"@type":"ListItem","position":1,"name":"Accueil","item":"https:\/\/www.eihf-isofroid.eu\/"},{"@type":"ListItem","position":2,"name":"Produits","item":"https:\/\/www.eihf-isofroid.eu\/catalogue\/"},{"@type":"ListItem","position":3,"name":"Pr\u00e9 filtre EU2 \u00e0 poussi\u00e8res pour caisson de filtration et d\u00e9sinfection"}]},{"@type":"WebSite","@id":"https:\/\/www.eihf-isofroid.eu\/#website","url":"https:\/\/www.eihf-isofroid.eu\/","name":"EIHF Isofroid","description":"","potentialAction":[{"@type":"SearchAction","target":{"@type":"EntryPoint","urlTemplate":"https:\/\/www.eihf-isofroid.eu\/?s={search_term_string}"},"query-input":{"@type":"PropertyValueSpecification","valueRequired":true,"valueName":"search_term_string"}}],"inLanguage":"en-GB"}]}},"_links":{"self":[{"href":"https:\/\/www.eihf-isofroid.eu\/en\/wp-json\/wp\/v2\/product\/1632","targetHints":{"allow":["GET"]}}],"collection":[{"href":"https:\/\/www.eihf-isofroid.eu\/en\/wp-json\/wp\/v2\/product"}],"about":[{"href":"https:\/\/www.eihf-isofroid.eu\/en\/wp-json\/wp\/v2\/types\/product"}],"version-history":[{"count":1,"href":"https:\/\/www.eihf-isofroid.eu\/en\/wp-json\/wp\/v2\/product\/1632\/revisions"}],"predecessor-version":[{"id":6242,"href":"https:\/\/www.eihf-isofroid.eu\/en\/wp-json\/wp\/v2\/product\/1632\/revisions\/6242"}],"wp:attachment":[{"href":"https:\/\/www.eihf-isofroid.eu\/en\/wp-json\/wp\/v2\/media?parent=1632"}],"wp:term":[{"taxonomy":"product_cat","embeddable":true,"href":"https:\/\/www.eihf-isofroid.eu\/en\/wp-json\/wp\/v2\/product_cat?post=1632"}],"curies":[{"name":"wp","href":"https:\/\/api.w.org\/{rel}","templated":true}]}}