{"id":1510,"date":"2025-04-15T18:08:24","date_gmt":"2025-04-15T16:08:24","guid":{"rendered":"https:\/\/clients.linuit.com\/isofroid\/armoire-ventilee-pour-pieces-anatomiques-et-prelevements-en-laboratoire-et-autopsie\/"},"modified":"2026-03-02T10:28:20","modified_gmt":"2026-03-02T09:28:20","slug":"ventilated-cabinet-for-anatomical-parts-and-samples-taken-in-laboratories-and-autopsies","status":"publish","type":"product","link":"https:\/\/www.eihf-isofroid.eu\/en\/armoire-ventilee-pour-pieces-anatomiques-et-prelevements-en-laboratoire-et-autopsie\/","title":{"rendered":"Ventilated cabinet for anatomical specimens and samples from laboratories and autopsies"},"content":{"rendered":"","protected":false},"menu_order":0,"template":"","product_cat":[31,33],"class_list":["post-1510","product","type-product","status-publish","hentry","product_cat-autopsie-et-laboratoire","product_cat-mobilier-de-laboratoire"],"acf":[],"yoast_head":"<!-- This site is optimized with the Yoast SEO plugin v27.3 - https:\/\/yoast.com\/product\/yoast-seo-wordpress\/ -->\n<title>Armoire ventil\u00e9e pour pi\u00e8ces anatomiques et pr\u00e9l\u00e8vements en laboratoire et autopsie - EIHF Isofroid<\/title>\n<meta name=\"description\" content=\"Armoire ventilee pour pieces anatomiques et prelevements en laboratoire et autopsie EIHF Isofroid : solution professionnelle pour le secteur mortuaire. Hygi\u00e8ne, robustesse et conformit\u00e9 CE.\" \/>\n<meta name=\"robots\" content=\"index, follow, max-snippet:-1, max-image-preview:large, max-video-preview:-1\" \/>\n<link rel=\"canonical\" href=\"https:\/\/www.eihf-isofroid.eu\/en\/ventilated-cabinet-for-anatomical-parts-and-samples-taken-in-laboratories-and-autopsies\/\" \/>\n<meta property=\"og:locale\" content=\"en_GB\" \/>\n<meta property=\"og:type\" content=\"article\" \/>\n<meta property=\"og:title\" content=\"Armoire ventil\u00e9e pour pi\u00e8ces anatomiques et pr\u00e9l\u00e8vements en laboratoire et autopsie - EIHF Isofroid\" \/>\n<meta property=\"og:description\" content=\"Armoire ventilee pour pieces anatomiques et prelevements en laboratoire et autopsie EIHF Isofroid : solution professionnelle pour le secteur mortuaire. Hygi\u00e8ne, robustesse et conformit\u00e9 CE.\" \/>\n<meta property=\"og:url\" content=\"https:\/\/www.eihf-isofroid.eu\/en\/ventilated-cabinet-for-anatomical-parts-and-samples-taken-in-laboratories-and-autopsies\/\" \/>\n<meta property=\"og:site_name\" content=\"EIHF Isofroid\" \/>\n<meta property=\"article:publisher\" content=\"https:\/\/www.facebook.com\/eihf.isofroid\/\" \/>\n<meta property=\"article:modified_time\" content=\"2026-03-02T09:28:20+00:00\" \/>\n<meta name=\"twitter:card\" content=\"summary_large_image\" \/>\n<script type=\"application\/ld+json\" class=\"yoast-schema-graph\">{\"@context\":\"https:\\\/\\\/schema.org\",\"@graph\":[{\"@type\":\"WebPage\",\"@id\":\"https:\\\/\\\/www.eihf-isofroid.eu\\\/armoire-ventilee-pour-pieces-anatomiques-et-prelevements-en-laboratoire-et-autopsie\\\/\",\"url\":\"https:\\\/\\\/www.eihf-isofroid.eu\\\/armoire-ventilee-pour-pieces-anatomiques-et-prelevements-en-laboratoire-et-autopsie\\\/\",\"name\":\"Armoire ventil\u00e9e pour pi\u00e8ces anatomiques et pr\u00e9l\u00e8vements en laboratoire et autopsie - EIHF Isofroid\",\"isPartOf\":{\"@id\":\"https:\\\/\\\/www.eihf-isofroid.eu\\\/#website\"},\"datePublished\":\"2025-04-15T16:08:24+00:00\",\"dateModified\":\"2026-03-02T09:28:20+00:00\",\"description\":\"Armoire ventilee pour pieces anatomiques et prelevements en laboratoire et autopsie EIHF Isofroid : solution professionnelle pour le secteur mortuaire. Hygi\u00e8ne, robustesse et conformit\u00e9 CE.\",\"breadcrumb\":{\"@id\":\"https:\\\/\\\/www.eihf-isofroid.eu\\\/armoire-ventilee-pour-pieces-anatomiques-et-prelevements-en-laboratoire-et-autopsie\\\/#breadcrumb\"},\"inLanguage\":\"en-GB\",\"potentialAction\":[{\"@type\":\"ReadAction\",\"target\":[\"https:\\\/\\\/www.eihf-isofroid.eu\\\/armoire-ventilee-pour-pieces-anatomiques-et-prelevements-en-laboratoire-et-autopsie\\\/\"]}]},{\"@type\":\"BreadcrumbList\",\"@id\":\"https:\\\/\\\/www.eihf-isofroid.eu\\\/armoire-ventilee-pour-pieces-anatomiques-et-prelevements-en-laboratoire-et-autopsie\\\/#breadcrumb\",\"itemListElement\":[{\"@type\":\"ListItem\",\"position\":1,\"name\":\"Accueil\",\"item\":\"https:\\\/\\\/www.eihf-isofroid.eu\\\/\"},{\"@type\":\"ListItem\",\"position\":2,\"name\":\"Produits\",\"item\":\"https:\\\/\\\/www.eihf-isofroid.eu\\\/catalogue\\\/\"},{\"@type\":\"ListItem\",\"position\":3,\"name\":\"Armoire ventil\u00e9e pour pi\u00e8ces anatomiques et pr\u00e9l\u00e8vements en laboratoire et autopsie\"}]},{\"@type\":\"WebSite\",\"@id\":\"https:\\\/\\\/www.eihf-isofroid.eu\\\/#website\",\"url\":\"https:\\\/\\\/www.eihf-isofroid.eu\\\/\",\"name\":\"EIHF Isofroid\",\"description\":\"\",\"potentialAction\":[{\"@type\":\"SearchAction\",\"target\":{\"@type\":\"EntryPoint\",\"urlTemplate\":\"https:\\\/\\\/www.eihf-isofroid.eu\\\/?s={search_term_string}\"},\"query-input\":{\"@type\":\"PropertyValueSpecification\",\"valueRequired\":true,\"valueName\":\"search_term_string\"}}],\"inLanguage\":\"en-GB\"}]}<\/script>\n<!-- \/ Yoast SEO plugin. -->","yoast_head_json":{"title":"Ventilated cabinet for anatomical specimens and samples from laboratories and autopsies - EIHF Isofroid","description":"EIHF Isofroid ventilated cabinet for anatomical parts and specimens in the laboratory and autopsy: a professional solution for the mortuary sector. Hygiene, robustness and CE conformity.","robots":{"index":"index","follow":"follow","max-snippet":"max-snippet:-1","max-image-preview":"max-image-preview:large","max-video-preview":"max-video-preview:-1"},"canonical":"https:\/\/www.eihf-isofroid.eu\/en\/ventilated-cabinet-for-anatomical-parts-and-samples-taken-in-laboratories-and-autopsies\/","og_locale":"en_GB","og_type":"article","og_title":"Armoire ventil\u00e9e pour pi\u00e8ces anatomiques et pr\u00e9l\u00e8vements en laboratoire et autopsie - EIHF Isofroid","og_description":"Armoire ventilee pour pieces anatomiques et prelevements en laboratoire et autopsie EIHF Isofroid : solution professionnelle pour le secteur mortuaire. Hygi\u00e8ne, robustesse et conformit\u00e9 CE.","og_url":"https:\/\/www.eihf-isofroid.eu\/en\/ventilated-cabinet-for-anatomical-parts-and-samples-taken-in-laboratories-and-autopsies\/","og_site_name":"EIHF Isofroid","article_publisher":"https:\/\/www.facebook.com\/eihf.isofroid\/","article_modified_time":"2026-03-02T09:28:20+00:00","twitter_card":"summary_large_image","schema":{"@context":"https:\/\/schema.org","@graph":[{"@type":"WebPage","@id":"https:\/\/www.eihf-isofroid.eu\/armoire-ventilee-pour-pieces-anatomiques-et-prelevements-en-laboratoire-et-autopsie\/","url":"https:\/\/www.eihf-isofroid.eu\/armoire-ventilee-pour-pieces-anatomiques-et-prelevements-en-laboratoire-et-autopsie\/","name":"Ventilated cabinet for anatomical specimens and samples from laboratories and autopsies - EIHF Isofroid","isPartOf":{"@id":"https:\/\/www.eihf-isofroid.eu\/#website"},"datePublished":"2025-04-15T16:08:24+00:00","dateModified":"2026-03-02T09:28:20+00:00","description":"EIHF Isofroid ventilated cabinet for anatomical parts and specimens in the laboratory and autopsy: a professional solution for the mortuary sector. Hygiene, robustness and CE conformity.","breadcrumb":{"@id":"https:\/\/www.eihf-isofroid.eu\/armoire-ventilee-pour-pieces-anatomiques-et-prelevements-en-laboratoire-et-autopsie\/#breadcrumb"},"inLanguage":"en-GB","potentialAction":[{"@type":"ReadAction","target":["https:\/\/www.eihf-isofroid.eu\/armoire-ventilee-pour-pieces-anatomiques-et-prelevements-en-laboratoire-et-autopsie\/"]}]},{"@type":"BreadcrumbList","@id":"https:\/\/www.eihf-isofroid.eu\/armoire-ventilee-pour-pieces-anatomiques-et-prelevements-en-laboratoire-et-autopsie\/#breadcrumb","itemListElement":[{"@type":"ListItem","position":1,"name":"Accueil","item":"https:\/\/www.eihf-isofroid.eu\/"},{"@type":"ListItem","position":2,"name":"Produits","item":"https:\/\/www.eihf-isofroid.eu\/catalogue\/"},{"@type":"ListItem","position":3,"name":"Armoire ventil\u00e9e pour pi\u00e8ces anatomiques et pr\u00e9l\u00e8vements en laboratoire et autopsie"}]},{"@type":"WebSite","@id":"https:\/\/www.eihf-isofroid.eu\/#website","url":"https:\/\/www.eihf-isofroid.eu\/","name":"EIHF Isofroid","description":"","potentialAction":[{"@type":"SearchAction","target":{"@type":"EntryPoint","urlTemplate":"https:\/\/www.eihf-isofroid.eu\/?s={search_term_string}"},"query-input":{"@type":"PropertyValueSpecification","valueRequired":true,"valueName":"search_term_string"}}],"inLanguage":"en-GB"}]}},"_links":{"self":[{"href":"https:\/\/www.eihf-isofroid.eu\/en\/wp-json\/wp\/v2\/product\/1510","targetHints":{"allow":["GET"]}}],"collection":[{"href":"https:\/\/www.eihf-isofroid.eu\/en\/wp-json\/wp\/v2\/product"}],"about":[{"href":"https:\/\/www.eihf-isofroid.eu\/en\/wp-json\/wp\/v2\/types\/product"}],"version-history":[{"count":1,"href":"https:\/\/www.eihf-isofroid.eu\/en\/wp-json\/wp\/v2\/product\/1510\/revisions"}],"predecessor-version":[{"id":6328,"href":"https:\/\/www.eihf-isofroid.eu\/en\/wp-json\/wp\/v2\/product\/1510\/revisions\/6328"}],"wp:attachment":[{"href":"https:\/\/www.eihf-isofroid.eu\/en\/wp-json\/wp\/v2\/media?parent=1510"}],"wp:term":[{"taxonomy":"product_cat","embeddable":true,"href":"https:\/\/www.eihf-isofroid.eu\/en\/wp-json\/wp\/v2\/product_cat?post=1510"}],"curies":[{"name":"wp","href":"https:\/\/api.w.org\/{rel}","templated":true}]}}