{"id":1071,"date":"2025-04-15T17:49:45","date_gmt":"2025-04-15T15:49:45","guid":{"rendered":"https:\/\/clients.linuit.com\/isofroid\/chariot-elevateur-electrique-de-transport\/"},"modified":"2026-03-02T10:27:04","modified_gmt":"2026-03-02T09:27:04","slug":"electric-transport-forklift-truck","status":"publish","type":"product","link":"https:\/\/www.eihf-isofroid.eu\/en\/chariot-elevateur-electrique-de-transport\/","title":{"rendered":"Electric transport lifting trolley"},"content":{"rendered":"","protected":false},"menu_order":0,"template":"","product_cat":[38,36],"class_list":["post-1071","product","type-product","status-publish","hentry","product_cat-chariots-elevateurs","product_cat-manutention"],"acf":[],"yoast_head":"<!-- This site is optimized with the Yoast SEO plugin v27.3 - https:\/\/yoast.com\/product\/yoast-seo-wordpress\/ -->\n<title>Chariot \u00e9l\u00e9vateur \u00e9lectrique de transport - EIHF Isofroid<\/title>\n<meta name=\"description\" content=\"Chariot elevateur electrique de transport EIHF Isofroid : solution professionnelle pour le secteur mortuaire. Hygi\u00e8ne, robustesse et conformit\u00e9 CE.\" \/>\n<meta name=\"robots\" content=\"index, follow, max-snippet:-1, max-image-preview:large, max-video-preview:-1\" \/>\n<link rel=\"canonical\" href=\"https:\/\/www.eihf-isofroid.eu\/en\/electric-transport-forklift-truck\/\" \/>\n<meta property=\"og:locale\" content=\"en_GB\" \/>\n<meta property=\"og:type\" content=\"article\" \/>\n<meta property=\"og:title\" content=\"Chariot \u00e9l\u00e9vateur \u00e9lectrique de transport - EIHF Isofroid\" \/>\n<meta property=\"og:description\" content=\"Chariot elevateur electrique de transport EIHF Isofroid : solution professionnelle pour le secteur mortuaire. Hygi\u00e8ne, robustesse et conformit\u00e9 CE.\" \/>\n<meta property=\"og:url\" content=\"https:\/\/www.eihf-isofroid.eu\/en\/electric-transport-forklift-truck\/\" \/>\n<meta property=\"og:site_name\" content=\"EIHF Isofroid\" \/>\n<meta property=\"article:publisher\" content=\"https:\/\/www.facebook.com\/eihf.isofroid\/\" \/>\n<meta property=\"article:modified_time\" content=\"2026-03-02T09:27:04+00:00\" \/>\n<meta name=\"twitter:card\" content=\"summary_large_image\" \/>\n<script type=\"application\/ld+json\" class=\"yoast-schema-graph\">{\"@context\":\"https:\\\/\\\/schema.org\",\"@graph\":[{\"@type\":\"WebPage\",\"@id\":\"https:\\\/\\\/www.eihf-isofroid.eu\\\/chariot-elevateur-electrique-de-transport\\\/\",\"url\":\"https:\\\/\\\/www.eihf-isofroid.eu\\\/chariot-elevateur-electrique-de-transport\\\/\",\"name\":\"Chariot \u00e9l\u00e9vateur \u00e9lectrique de transport - EIHF Isofroid\",\"isPartOf\":{\"@id\":\"https:\\\/\\\/www.eihf-isofroid.eu\\\/#website\"},\"datePublished\":\"2025-04-15T15:49:45+00:00\",\"dateModified\":\"2026-03-02T09:27:04+00:00\",\"description\":\"Chariot elevateur electrique de transport EIHF Isofroid : solution professionnelle pour le secteur mortuaire. Hygi\u00e8ne, robustesse et conformit\u00e9 CE.\",\"breadcrumb\":{\"@id\":\"https:\\\/\\\/www.eihf-isofroid.eu\\\/chariot-elevateur-electrique-de-transport\\\/#breadcrumb\"},\"inLanguage\":\"en-GB\",\"potentialAction\":[{\"@type\":\"ReadAction\",\"target\":[\"https:\\\/\\\/www.eihf-isofroid.eu\\\/chariot-elevateur-electrique-de-transport\\\/\"]}]},{\"@type\":\"BreadcrumbList\",\"@id\":\"https:\\\/\\\/www.eihf-isofroid.eu\\\/chariot-elevateur-electrique-de-transport\\\/#breadcrumb\",\"itemListElement\":[{\"@type\":\"ListItem\",\"position\":1,\"name\":\"Accueil\",\"item\":\"https:\\\/\\\/www.eihf-isofroid.eu\\\/\"},{\"@type\":\"ListItem\",\"position\":2,\"name\":\"Produits\",\"item\":\"https:\\\/\\\/www.eihf-isofroid.eu\\\/catalogue\\\/\"},{\"@type\":\"ListItem\",\"position\":3,\"name\":\"Chariot \u00e9l\u00e9vateur \u00e9lectrique de transport\"}]},{\"@type\":\"WebSite\",\"@id\":\"https:\\\/\\\/www.eihf-isofroid.eu\\\/#website\",\"url\":\"https:\\\/\\\/www.eihf-isofroid.eu\\\/\",\"name\":\"EIHF Isofroid\",\"description\":\"\",\"potentialAction\":[{\"@type\":\"SearchAction\",\"target\":{\"@type\":\"EntryPoint\",\"urlTemplate\":\"https:\\\/\\\/www.eihf-isofroid.eu\\\/?s={search_term_string}\"},\"query-input\":{\"@type\":\"PropertyValueSpecification\",\"valueRequired\":true,\"valueName\":\"search_term_string\"}}],\"inLanguage\":\"en-GB\"}]}<\/script>\n<!-- \/ Yoast SEO plugin. -->","yoast_head_json":{"title":"Electric transport forklift - EIHF Isofroid","description":"EIHF Isofroid electric transport forklift: professional solution for the mortuary sector. Hygiene, robustness and CE conformity.","robots":{"index":"index","follow":"follow","max-snippet":"max-snippet:-1","max-image-preview":"max-image-preview:large","max-video-preview":"max-video-preview:-1"},"canonical":"https:\/\/www.eihf-isofroid.eu\/en\/electric-transport-forklift-truck\/","og_locale":"en_GB","og_type":"article","og_title":"Chariot \u00e9l\u00e9vateur \u00e9lectrique de transport - EIHF Isofroid","og_description":"Chariot elevateur electrique de transport EIHF Isofroid : solution professionnelle pour le secteur mortuaire. Hygi\u00e8ne, robustesse et conformit\u00e9 CE.","og_url":"https:\/\/www.eihf-isofroid.eu\/en\/electric-transport-forklift-truck\/","og_site_name":"EIHF Isofroid","article_publisher":"https:\/\/www.facebook.com\/eihf.isofroid\/","article_modified_time":"2026-03-02T09:27:04+00:00","twitter_card":"summary_large_image","schema":{"@context":"https:\/\/schema.org","@graph":[{"@type":"WebPage","@id":"https:\/\/www.eihf-isofroid.eu\/chariot-elevateur-electrique-de-transport\/","url":"https:\/\/www.eihf-isofroid.eu\/chariot-elevateur-electrique-de-transport\/","name":"Electric transport forklift - EIHF Isofroid","isPartOf":{"@id":"https:\/\/www.eihf-isofroid.eu\/#website"},"datePublished":"2025-04-15T15:49:45+00:00","dateModified":"2026-03-02T09:27:04+00:00","description":"EIHF Isofroid electric transport forklift: professional solution for the mortuary sector. Hygiene, robustness and CE conformity.","breadcrumb":{"@id":"https:\/\/www.eihf-isofroid.eu\/chariot-elevateur-electrique-de-transport\/#breadcrumb"},"inLanguage":"en-GB","potentialAction":[{"@type":"ReadAction","target":["https:\/\/www.eihf-isofroid.eu\/chariot-elevateur-electrique-de-transport\/"]}]},{"@type":"BreadcrumbList","@id":"https:\/\/www.eihf-isofroid.eu\/chariot-elevateur-electrique-de-transport\/#breadcrumb","itemListElement":[{"@type":"ListItem","position":1,"name":"Accueil","item":"https:\/\/www.eihf-isofroid.eu\/"},{"@type":"ListItem","position":2,"name":"Produits","item":"https:\/\/www.eihf-isofroid.eu\/catalogue\/"},{"@type":"ListItem","position":3,"name":"Chariot \u00e9l\u00e9vateur \u00e9lectrique de transport"}]},{"@type":"WebSite","@id":"https:\/\/www.eihf-isofroid.eu\/#website","url":"https:\/\/www.eihf-isofroid.eu\/","name":"EIHF Isofroid","description":"","potentialAction":[{"@type":"SearchAction","target":{"@type":"EntryPoint","urlTemplate":"https:\/\/www.eihf-isofroid.eu\/?s={search_term_string}"},"query-input":{"@type":"PropertyValueSpecification","valueRequired":true,"valueName":"search_term_string"}}],"inLanguage":"en-GB"}]}},"_links":{"self":[{"href":"https:\/\/www.eihf-isofroid.eu\/en\/wp-json\/wp\/v2\/product\/1071","targetHints":{"allow":["GET"]}}],"collection":[{"href":"https:\/\/www.eihf-isofroid.eu\/en\/wp-json\/wp\/v2\/product"}],"about":[{"href":"https:\/\/www.eihf-isofroid.eu\/en\/wp-json\/wp\/v2\/types\/product"}],"version-history":[{"count":1,"href":"https:\/\/www.eihf-isofroid.eu\/en\/wp-json\/wp\/v2\/product\/1071\/revisions"}],"predecessor-version":[{"id":6258,"href":"https:\/\/www.eihf-isofroid.eu\/en\/wp-json\/wp\/v2\/product\/1071\/revisions\/6258"}],"wp:attachment":[{"href":"https:\/\/www.eihf-isofroid.eu\/en\/wp-json\/wp\/v2\/media?parent=1071"}],"wp:term":[{"taxonomy":"product_cat","embeddable":true,"href":"https:\/\/www.eihf-isofroid.eu\/en\/wp-json\/wp\/v2\/product_cat?post=1071"}],"curies":[{"name":"wp","href":"https:\/\/api.w.org\/{rel}","templated":true}]}}