{"id":1064,"date":"2025-04-15T17:49:40","date_gmt":"2025-04-15T15:49:40","guid":{"rendered":"https:\/\/clients.linuit.com\/isofroid\/protege-registre-pour-table-a-signature-grand-modele\/"},"modified":"2026-03-02T10:27:44","modified_gmt":"2026-03-02T09:27:44","slug":"book-cover-for-condolence-book-tables-large-model","status":"publish","type":"product","link":"https:\/\/www.eihf-isofroid.eu\/en\/protege-registre-pour-table-a-signature-grand-modele\/","title":{"rendered":"Book cover for condolence book tables Large Model"},"content":{"rendered":"","protected":false},"menu_order":0,"template":"","product_cat":[24,22],"class_list":["post-1064","product","type-product","status-publish","hentry","product_cat-accessoires-funeraires-et-ceremonie","product_cat-salon-funeraire"],"acf":[],"yoast_head":"<!-- This site is optimized with the Yoast SEO plugin v27.3 - https:\/\/yoast.com\/product\/yoast-seo-wordpress\/ -->\n<title>Prot\u00e8ge registre pour table \u00e0 signature Grand Mod\u00e8le - EIHF Isofroid<\/title>\n<meta name=\"description\" content=\"Protege registre pour table a signature grand modele EIHF Isofroid : solution professionnelle pour le secteur mortuaire. Hygi\u00e8ne, robustesse et conformit\u00e9 CE.\" \/>\n<meta name=\"robots\" content=\"index, follow, max-snippet:-1, max-image-preview:large, max-video-preview:-1\" \/>\n<link rel=\"canonical\" href=\"https:\/\/www.eihf-isofroid.eu\/en\/book-cover-for-condolence-book-tables-large-model\/\" \/>\n<meta property=\"og:locale\" content=\"en_GB\" \/>\n<meta property=\"og:type\" content=\"article\" \/>\n<meta property=\"og:title\" content=\"Prot\u00e8ge registre pour table \u00e0 signature Grand Mod\u00e8le - EIHF Isofroid\" \/>\n<meta property=\"og:description\" content=\"Protege registre pour table a signature grand modele EIHF Isofroid : solution professionnelle pour le secteur mortuaire. Hygi\u00e8ne, robustesse et conformit\u00e9 CE.\" \/>\n<meta property=\"og:url\" content=\"https:\/\/www.eihf-isofroid.eu\/en\/book-cover-for-condolence-book-tables-large-model\/\" \/>\n<meta property=\"og:site_name\" content=\"EIHF Isofroid\" \/>\n<meta property=\"article:publisher\" content=\"https:\/\/www.facebook.com\/eihf.isofroid\/\" \/>\n<meta property=\"article:modified_time\" content=\"2026-03-02T09:27:44+00:00\" \/>\n<meta name=\"twitter:card\" content=\"summary_large_image\" \/>\n<script type=\"application\/ld+json\" class=\"yoast-schema-graph\">{\"@context\":\"https:\\\/\\\/schema.org\",\"@graph\":[{\"@type\":\"WebPage\",\"@id\":\"https:\\\/\\\/www.eihf-isofroid.eu\\\/protege-registre-pour-table-a-signature-grand-modele\\\/\",\"url\":\"https:\\\/\\\/www.eihf-isofroid.eu\\\/protege-registre-pour-table-a-signature-grand-modele\\\/\",\"name\":\"Prot\u00e8ge registre pour table \u00e0 signature Grand Mod\u00e8le - EIHF Isofroid\",\"isPartOf\":{\"@id\":\"https:\\\/\\\/www.eihf-isofroid.eu\\\/#website\"},\"datePublished\":\"2025-04-15T15:49:40+00:00\",\"dateModified\":\"2026-03-02T09:27:44+00:00\",\"description\":\"Protege registre pour table a signature grand modele EIHF Isofroid : solution professionnelle pour le secteur mortuaire. Hygi\u00e8ne, robustesse et conformit\u00e9 CE.\",\"breadcrumb\":{\"@id\":\"https:\\\/\\\/www.eihf-isofroid.eu\\\/protege-registre-pour-table-a-signature-grand-modele\\\/#breadcrumb\"},\"inLanguage\":\"en-GB\",\"potentialAction\":[{\"@type\":\"ReadAction\",\"target\":[\"https:\\\/\\\/www.eihf-isofroid.eu\\\/protege-registre-pour-table-a-signature-grand-modele\\\/\"]}]},{\"@type\":\"BreadcrumbList\",\"@id\":\"https:\\\/\\\/www.eihf-isofroid.eu\\\/protege-registre-pour-table-a-signature-grand-modele\\\/#breadcrumb\",\"itemListElement\":[{\"@type\":\"ListItem\",\"position\":1,\"name\":\"Accueil\",\"item\":\"https:\\\/\\\/www.eihf-isofroid.eu\\\/\"},{\"@type\":\"ListItem\",\"position\":2,\"name\":\"Produits\",\"item\":\"https:\\\/\\\/www.eihf-isofroid.eu\\\/catalogue\\\/\"},{\"@type\":\"ListItem\",\"position\":3,\"name\":\"Prot\u00e8ge registre pour table \u00e0 signature Grand Mod\u00e8le\"}]},{\"@type\":\"WebSite\",\"@id\":\"https:\\\/\\\/www.eihf-isofroid.eu\\\/#website\",\"url\":\"https:\\\/\\\/www.eihf-isofroid.eu\\\/\",\"name\":\"EIHF Isofroid\",\"description\":\"\",\"potentialAction\":[{\"@type\":\"SearchAction\",\"target\":{\"@type\":\"EntryPoint\",\"urlTemplate\":\"https:\\\/\\\/www.eihf-isofroid.eu\\\/?s={search_term_string}\"},\"query-input\":{\"@type\":\"PropertyValueSpecification\",\"valueRequired\":true,\"valueName\":\"search_term_string\"}}],\"inLanguage\":\"en-GB\"}]}<\/script>\n<!-- \/ Yoast SEO plugin. -->","yoast_head_json":{"title":"Book cover for condolence book tables Large Model - EIHF Isofroid","description":"Book cover for condolence book table Large Model EIHF Isofroid: professional solution for the mortuary sector. Hygiene, robustness and CE conformity.","robots":{"index":"index","follow":"follow","max-snippet":"max-snippet:-1","max-image-preview":"max-image-preview:large","max-video-preview":"max-video-preview:-1"},"canonical":"https:\/\/www.eihf-isofroid.eu\/en\/book-cover-for-condolence-book-tables-large-model\/","og_locale":"en_GB","og_type":"article","og_title":"Prot\u00e8ge registre pour table \u00e0 signature Grand Mod\u00e8le - EIHF Isofroid","og_description":"Protege registre pour table a signature grand modele EIHF Isofroid : solution professionnelle pour le secteur mortuaire. Hygi\u00e8ne, robustesse et conformit\u00e9 CE.","og_url":"https:\/\/www.eihf-isofroid.eu\/en\/book-cover-for-condolence-book-tables-large-model\/","og_site_name":"EIHF Isofroid","article_publisher":"https:\/\/www.facebook.com\/eihf.isofroid\/","article_modified_time":"2026-03-02T09:27:44+00:00","twitter_card":"summary_large_image","schema":{"@context":"https:\/\/schema.org","@graph":[{"@type":"WebPage","@id":"https:\/\/www.eihf-isofroid.eu\/protege-registre-pour-table-a-signature-grand-modele\/","url":"https:\/\/www.eihf-isofroid.eu\/protege-registre-pour-table-a-signature-grand-modele\/","name":"Book cover for condolence book tables Large Model - EIHF Isofroid","isPartOf":{"@id":"https:\/\/www.eihf-isofroid.eu\/#website"},"datePublished":"2025-04-15T15:49:40+00:00","dateModified":"2026-03-02T09:27:44+00:00","description":"Book cover for condolence book table Large Model EIHF Isofroid: professional solution for the mortuary sector. Hygiene, robustness and CE conformity.","breadcrumb":{"@id":"https:\/\/www.eihf-isofroid.eu\/protege-registre-pour-table-a-signature-grand-modele\/#breadcrumb"},"inLanguage":"en-GB","potentialAction":[{"@type":"ReadAction","target":["https:\/\/www.eihf-isofroid.eu\/protege-registre-pour-table-a-signature-grand-modele\/"]}]},{"@type":"BreadcrumbList","@id":"https:\/\/www.eihf-isofroid.eu\/protege-registre-pour-table-a-signature-grand-modele\/#breadcrumb","itemListElement":[{"@type":"ListItem","position":1,"name":"Accueil","item":"https:\/\/www.eihf-isofroid.eu\/"},{"@type":"ListItem","position":2,"name":"Produits","item":"https:\/\/www.eihf-isofroid.eu\/catalogue\/"},{"@type":"ListItem","position":3,"name":"Prot\u00e8ge registre pour table \u00e0 signature Grand Mod\u00e8le"}]},{"@type":"WebSite","@id":"https:\/\/www.eihf-isofroid.eu\/#website","url":"https:\/\/www.eihf-isofroid.eu\/","name":"EIHF Isofroid","description":"","potentialAction":[{"@type":"SearchAction","target":{"@type":"EntryPoint","urlTemplate":"https:\/\/www.eihf-isofroid.eu\/?s={search_term_string}"},"query-input":{"@type":"PropertyValueSpecification","valueRequired":true,"valueName":"search_term_string"}}],"inLanguage":"en-GB"}]}},"_links":{"self":[{"href":"https:\/\/www.eihf-isofroid.eu\/en\/wp-json\/wp\/v2\/product\/1064","targetHints":{"allow":["GET"]}}],"collection":[{"href":"https:\/\/www.eihf-isofroid.eu\/en\/wp-json\/wp\/v2\/product"}],"about":[{"href":"https:\/\/www.eihf-isofroid.eu\/en\/wp-json\/wp\/v2\/types\/product"}],"version-history":[{"count":1,"href":"https:\/\/www.eihf-isofroid.eu\/en\/wp-json\/wp\/v2\/product\/1064\/revisions"}],"predecessor-version":[{"id":6308,"href":"https:\/\/www.eihf-isofroid.eu\/en\/wp-json\/wp\/v2\/product\/1064\/revisions\/6308"}],"wp:attachment":[{"href":"https:\/\/www.eihf-isofroid.eu\/en\/wp-json\/wp\/v2\/media?parent=1064"}],"wp:term":[{"taxonomy":"product_cat","embeddable":true,"href":"https:\/\/www.eihf-isofroid.eu\/en\/wp-json\/wp\/v2\/product_cat?post=1064"}],"curies":[{"name":"wp","href":"https:\/\/api.w.org\/{rel}","templated":true}]}}