{"id":173,"date":"2025-04-09T12:04:04","date_gmt":"2025-04-09T10:04:04","guid":{"rendered":"http:\/\/localhost:8888\/isofroid\/?page_id=173"},"modified":"2025-04-30T14:34:08","modified_gmt":"2025-04-30T12:34:08","slug":"legal-information","status":"publish","type":"page","link":"https:\/\/www.eihf-isofroid.eu\/en\/mentions-legales\/","title":{"rendered":"Legal information EIHF Isofroid"},"content":{"rendered":"<h2 class=\"h1\"><span style=\"color: #4699cd;\">Website publishing\u00a0<\/span><\/h2>\n<p><span data-contrast=\"auto\">The website <\/span><a href=\"https:\/\/www.eihf-isofroid.eu\/en\/\"><span data-contrast=\"none\">https:\/\/www.eihf-isofroid.eu\/<\/span><\/a><span data-contrast=\"auto\"> (hereinafter referred to as \u00abthe Site\u00bb in the legal notice) is published by Isofroid (hereinafter referred to as \u00abthe Publisher\u00bb), whose registered office is located at Z.A. La Noyeraie 69490 Sarcey ( +33 04 74 26 87 24).<\/span><span data-ccp-props=\"{}\">\u00a0<\/span><\/p>\n<p><span data-contrast=\"auto\">Contact: <\/span><a href=\"mailto:contact@eihf-isofroid.com\"><span data-contrast=\"none\">contact@eihf-isofroid.com<\/span><\/a><span data-ccp-props=\"{}\">\u00a0<\/span><\/p>\n<p><span data-contrast=\"auto\">Website development<\/span><span data-ccp-props=\"{}\"> :<br \/>\n<\/span><span data-contrast=\"auto\">Agence l'Inuit<\/span><span data-ccp-props=\"{}\"><br \/>\n<\/span><span data-contrast=\"auto\">2 Av. Albert de Mun, 44600 Saint-Nazaire<\/span><span data-ccp-props=\"{}\"><br \/>\n<\/span><a href=\"http:\/\/www.linuit.com\/\"><span data-contrast=\"none\">http:\/\/www.linuit.com\/<\/span><\/a><span data-ccp-props=\"{}\"><br \/>\n<\/span><span data-contrast=\"auto\">Tel : 0630131167<\/span><span data-ccp-props=\"{}\">\u00a0<\/span><\/p>\n<h2 class=\"h1\"><span style=\"color: #4699cd;\">Website host\u00a0<\/span><\/h2>\n<p><span data-contrast=\"auto\">The website <\/span><a href=\"http:\/\/www.eihf-isofroid.eu\/en\/\"><span data-contrast=\"none\">www.eihf-isofroid.eu<\/span><\/a><span data-contrast=\"auto\"> is hosted by Inovacom. <\/span><span data-ccp-props=\"{}\">\u00a0<\/span><\/p>\n<p>Rungis MIN<br \/>\nBuilding G5B<br \/>\n5 Rue de la Corderie<br \/>\n94550 Chevilly-Larue, \u00cele-de-France<\/p>\n<p>Technical support telephone number: 01 84 20 13 00<br \/>\nTelephone sales department: 01 84 20 13 02<br \/>\nE-mail: contact@inovacom.fr<\/p>\n<h2 class=\"h1\"><span style=\"color: #4699cd;\">Cookies\u00a0<\/span><\/h2>\n<p><span data-contrast=\"auto\">The Site may automatically collect standard information as well as all types of personalised information which enables the Site to identify its visitors. Any information collected indirectly will only be used to monitor the volume, type and pattern of traffic using this Site, to develop the design and layout of the Site and for other administrative and planning purposes and generally to improve the service we provide to you. You can visit the Site by deactivating this option in your browser settings.<\/span><span data-ccp-props=\"{}\">\u00a0<\/span><\/p>\n<h2 class=\"h1\"><span style=\"color: #4699cd;\">Respect for intellectual property\u00a0<\/span><\/h2>\n<p><span data-contrast=\"auto\">All trademarks, photographs, texts, comments, illustrations, images (animated or not), video sequences, sounds, as well as all computer applications that may be used to operate the Site and, more generally, all elements reproduced or used on the Site are protected by the intellectual property laws in force.<\/span><span data-ccp-props=\"{}\">\u00a0<\/span><\/p>\n<p><span data-contrast=\"auto\">They are the full and entire property of the Publisher or its partners, unless otherwise stated. Any reproduction, representation, use or adaptation, in any form whatsoever, of all or part of these elements, including computer applications, without the prior written consent of the Publisher, is strictly prohibited. The fact that the Publisher does not initiate proceedings as soon as it becomes aware of such unauthorised use does not constitute acceptance of the said use and waiver of legal action.<\/span><span data-ccp-props=\"{}\">\u00a0<\/span><\/p>\n<p><span data-contrast=\"auto\">Only private use within the family circle is authorised. Any other use constitutes counterfeiting and\/or infringement of related rights, punishable under the Intellectual Property Code.<\/span><span data-ccp-props=\"{}\">\u00a0<\/span><\/p>\n<p><span data-contrast=\"auto\">The reproduction of all or part of this content requires the prior authorisation of the Publisher or the holder of the rights to this content.<\/span><span data-ccp-props=\"{}\">\u00a0<\/span><\/p>\n<h2 class=\"h1\"><span style=\"color: #4699cd;\" data-contrast=\"auto\">Hypertext links<\/span><span data-ccp-props=\"{}\">\u00a0<\/span><\/h2>\n<p><span data-contrast=\"auto\">The Site may contain hypertext links giving access to other websites published and managed by third parties and not by the Publisher. The Publisher may not be held directly or indirectly liable in the event that said third-party sites do not comply with legal provisions.<\/span><span><br \/>\n<\/span><span data-contrast=\"auto\">Hypertext links to the Site may only be created with the prior written authorisation of the Publisher.<\/span><span data-ccp-props=\"{}\">\u00a0<\/span><\/p>\n<h2 class=\"h1\"><span style=\"color: #4699cd;\" data-contrast=\"auto\">Photos<\/span><span data-ccp-props=\"{}\">\u00a0<\/span><\/h2>\n<p><span data-contrast=\"auto\">Photographs and visuals of the products presented on the site <\/span><a href=\"https:\/\/www.eihf-isofroid.eu\/en\/\"><span data-contrast=\"none\">https:\/\/www.eihf-isofroid.eu\/<\/span><\/a><span data-contrast=\"auto\"> are not contractually binding. The site editor cannot therefore be held responsible if the characteristics of the objects differ from the visuals on the site, or if the latter are incorrect or incomplete.<\/span><span data-ccp-props=\"{}\">\u00a0<\/span><\/p>","protected":false},"excerpt":{"rendered":"<p>Edition du site internet\u00a0 Le site https:\/\/www.eihf-isofroid.eu\/ (ci-apr\u00e8s \u00ab le Site \u00bb des mentions l\u00e9gales) est \u00e9dit\u00e9 par la soci\u00e9t\u00e9 Isofroid (ci-apr\u00e8s \u00ab l\u2019Editeur \u00bb), dont le si\u00e8ge social est situ\u00e9 Z.A. La Noyeraie 69490 Sarcey ( +33 04 74 26 87 24)\u00a0 Contact : contact@eihf-isofroid.com\u00a0 D\u00e9veloppement du site internet : Agence l\u2019Inuit 2 Av. [&hellip;]<\/p>\n","protected":false},"author":1,"featured_media":0,"parent":0,"menu_order":60,"comment_status":"closed","ping_status":"closed","template":"","meta":{"_acf_changed":false,"footnotes":""},"class_list":["post-173","page","type-page","status-publish","hentry"],"acf":[],"yoast_head":"<!-- This site is optimized with the Yoast SEO plugin v27.3 - https:\/\/yoast.com\/product\/yoast-seo-wordpress\/ -->\n<title>Mentions l\u00e9gales EIHF Isofroid - EIHF Isofroid<\/title>\n<meta name=\"description\" content=\"Mentions l\u00e9gales du site EIHF Isofroid : informations juridiques, confidentialit\u00e9 et conditions d\u2019utilisation du site internet.\" \/>\n<meta name=\"robots\" content=\"index, follow, max-snippet:-1, max-image-preview:large, max-video-preview:-1\" \/>\n<link rel=\"canonical\" href=\"https:\/\/www.eihf-isofroid.eu\/en\/legal-information\/\" \/>\n<meta property=\"og:locale\" content=\"en_GB\" \/>\n<meta property=\"og:type\" content=\"article\" \/>\n<meta property=\"og:title\" content=\"Mentions l\u00e9gales EIHF Isofroid - EIHF Isofroid\" \/>\n<meta property=\"og:description\" content=\"Mentions l\u00e9gales du site EIHF Isofroid : informations juridiques, confidentialit\u00e9 et conditions d\u2019utilisation du site internet.\" \/>\n<meta property=\"og:url\" content=\"https:\/\/www.eihf-isofroid.eu\/en\/legal-information\/\" \/>\n<meta property=\"og:site_name\" content=\"EIHF Isofroid\" \/>\n<meta property=\"article:publisher\" content=\"https:\/\/www.facebook.com\/eihf.isofroid\/\" \/>\n<meta property=\"article:modified_time\" content=\"2025-04-30T12:34:08+00:00\" \/>\n<meta name=\"twitter:card\" content=\"summary_large_image\" \/>\n<meta name=\"twitter:label1\" content=\"Estimated reading time\" \/>\n\t<meta name=\"twitter:data1\" content=\"3 minutes\" \/>\n<script type=\"application\/ld+json\" class=\"yoast-schema-graph\">{\"@context\":\"https:\\\/\\\/schema.org\",\"@graph\":[{\"@type\":\"WebPage\",\"@id\":\"https:\\\/\\\/www.eihf-isofroid.eu\\\/mentions-legales\\\/\",\"url\":\"https:\\\/\\\/www.eihf-isofroid.eu\\\/mentions-legales\\\/\",\"name\":\"Mentions l\u00e9gales EIHF Isofroid - EIHF Isofroid\",\"isPartOf\":{\"@id\":\"https:\\\/\\\/www.eihf-isofroid.eu\\\/#website\"},\"datePublished\":\"2025-04-09T10:04:04+00:00\",\"dateModified\":\"2025-04-30T12:34:08+00:00\",\"description\":\"Mentions l\u00e9gales du site EIHF Isofroid : informations juridiques, confidentialit\u00e9 et conditions d\u2019utilisation du site internet.\",\"breadcrumb\":{\"@id\":\"https:\\\/\\\/www.eihf-isofroid.eu\\\/mentions-legales\\\/#breadcrumb\"},\"inLanguage\":\"en-GB\",\"potentialAction\":[{\"@type\":\"ReadAction\",\"target\":[\"https:\\\/\\\/www.eihf-isofroid.eu\\\/mentions-legales\\\/\"]}]},{\"@type\":\"BreadcrumbList\",\"@id\":\"https:\\\/\\\/www.eihf-isofroid.eu\\\/mentions-legales\\\/#breadcrumb\",\"itemListElement\":[{\"@type\":\"ListItem\",\"position\":1,\"name\":\"Accueil\",\"item\":\"https:\\\/\\\/www.eihf-isofroid.eu\\\/\"},{\"@type\":\"ListItem\",\"position\":2,\"name\":\"Mentions l\u00e9gales EIHF Isofroid\"}]},{\"@type\":\"WebSite\",\"@id\":\"https:\\\/\\\/www.eihf-isofroid.eu\\\/#website\",\"url\":\"https:\\\/\\\/www.eihf-isofroid.eu\\\/\",\"name\":\"EIHF Isofroid\",\"description\":\"\",\"potentialAction\":[{\"@type\":\"SearchAction\",\"target\":{\"@type\":\"EntryPoint\",\"urlTemplate\":\"https:\\\/\\\/www.eihf-isofroid.eu\\\/?s={search_term_string}\"},\"query-input\":{\"@type\":\"PropertyValueSpecification\",\"valueRequired\":true,\"valueName\":\"search_term_string\"}}],\"inLanguage\":\"en-GB\"}]}<\/script>\n<!-- \/ Yoast SEO plugin. -->","yoast_head_json":{"title":"Legal EIHF Isofroid - EIHF Isofroid","description":"Legal information on the EIHF Isofroid website: legal information, confidentiality and terms of use of the website.","robots":{"index":"index","follow":"follow","max-snippet":"max-snippet:-1","max-image-preview":"max-image-preview:large","max-video-preview":"max-video-preview:-1"},"canonical":"https:\/\/www.eihf-isofroid.eu\/en\/legal-information\/","og_locale":"en_GB","og_type":"article","og_title":"Mentions l\u00e9gales EIHF Isofroid - EIHF Isofroid","og_description":"Mentions l\u00e9gales du site EIHF Isofroid : informations juridiques, confidentialit\u00e9 et conditions d\u2019utilisation du site internet.","og_url":"https:\/\/www.eihf-isofroid.eu\/en\/legal-information\/","og_site_name":"EIHF Isofroid","article_publisher":"https:\/\/www.facebook.com\/eihf.isofroid\/","article_modified_time":"2025-04-30T12:34:08+00:00","twitter_card":"summary_large_image","twitter_misc":{"Estimated reading time":"3 minutes"},"schema":{"@context":"https:\/\/schema.org","@graph":[{"@type":"WebPage","@id":"https:\/\/www.eihf-isofroid.eu\/mentions-legales\/","url":"https:\/\/www.eihf-isofroid.eu\/mentions-legales\/","name":"Legal EIHF Isofroid - EIHF Isofroid","isPartOf":{"@id":"https:\/\/www.eihf-isofroid.eu\/#website"},"datePublished":"2025-04-09T10:04:04+00:00","dateModified":"2025-04-30T12:34:08+00:00","description":"Legal information on the EIHF Isofroid website: legal information, confidentiality and terms of use of the website.","breadcrumb":{"@id":"https:\/\/www.eihf-isofroid.eu\/mentions-legales\/#breadcrumb"},"inLanguage":"en-GB","potentialAction":[{"@type":"ReadAction","target":["https:\/\/www.eihf-isofroid.eu\/mentions-legales\/"]}]},{"@type":"BreadcrumbList","@id":"https:\/\/www.eihf-isofroid.eu\/mentions-legales\/#breadcrumb","itemListElement":[{"@type":"ListItem","position":1,"name":"Accueil","item":"https:\/\/www.eihf-isofroid.eu\/"},{"@type":"ListItem","position":2,"name":"Mentions l\u00e9gales EIHF Isofroid"}]},{"@type":"WebSite","@id":"https:\/\/www.eihf-isofroid.eu\/#website","url":"https:\/\/www.eihf-isofroid.eu\/","name":"EIHF Isofroid","description":"","potentialAction":[{"@type":"SearchAction","target":{"@type":"EntryPoint","urlTemplate":"https:\/\/www.eihf-isofroid.eu\/?s={search_term_string}"},"query-input":{"@type":"PropertyValueSpecification","valueRequired":true,"valueName":"search_term_string"}}],"inLanguage":"en-GB"}]}},"_links":{"self":[{"href":"https:\/\/www.eihf-isofroid.eu\/en\/wp-json\/wp\/v2\/pages\/173","targetHints":{"allow":["GET"]}}],"collection":[{"href":"https:\/\/www.eihf-isofroid.eu\/en\/wp-json\/wp\/v2\/pages"}],"about":[{"href":"https:\/\/www.eihf-isofroid.eu\/en\/wp-json\/wp\/v2\/types\/page"}],"author":[{"embeddable":true,"href":"https:\/\/www.eihf-isofroid.eu\/en\/wp-json\/wp\/v2\/users\/1"}],"replies":[{"embeddable":true,"href":"https:\/\/www.eihf-isofroid.eu\/en\/wp-json\/wp\/v2\/comments?post=173"}],"version-history":[{"count":5,"href":"https:\/\/www.eihf-isofroid.eu\/en\/wp-json\/wp\/v2\/pages\/173\/revisions"}],"predecessor-version":[{"id":3145,"href":"https:\/\/www.eihf-isofroid.eu\/en\/wp-json\/wp\/v2\/pages\/173\/revisions\/3145"}],"wp:attachment":[{"href":"https:\/\/www.eihf-isofroid.eu\/en\/wp-json\/wp\/v2\/media?parent=173"}],"curies":[{"name":"wp","href":"https:\/\/api.w.org\/{rel}","templated":true}]}}